{"id":6085,"date":"2023-10-04T11:20:03","date_gmt":"2023-10-04T11:20:03","guid":{"rendered":"https:\/\/kartonnage-geyskens.be\/conditions-generales\/"},"modified":"2025-09-19T15:50:12","modified_gmt":"2025-09-19T15:50:12","slug":"conditions-generales","status":"publish","type":"page","link":"https:\/\/kartonnage-geyskens.be\/fr\/conditions-generales\/","title":{"rendered":"Conditions g\u00e9n\u00e9rales"},"content":{"rendered":"<p><div class=\"fusion-fullwidth fullwidth-box fusion-builder-row-1 fusion-flex-container nonhundred-percent-fullwidth non-hundred-percent-height-scrolling\" style=\"--awb-border-radius-top-left:0px;--awb-border-radius-top-right:0px;--awb-border-radius-bottom-right:0px;--awb-border-radius-bottom-left:0px;--awb-padding-top:84px;--awb-padding-bottom:88px;--awb-padding-top-medium:30px;--awb-padding-top-small:40px;--awb-padding-bottom-small:40px;--awb-margin-top:0px;--awb-background-color:var(--awb-color1);--awb-flex-wrap:wrap;\" ><div class=\"fusion-builder-row fusion-row fusion-flex-align-items-center fusion-flex-content-wrap\" style=\"max-width:1445.6px;margin-left: calc(-4% \/ 2 );margin-right: calc(-4% \/ 2 );\"><div class=\"fusion-layout-column fusion_builder_column fusion-builder-column-0 fusion_builder_column_1_1 1_1 fusion-flex-column fusion-animated\" style=\"--awb-bg-size:cover;--awb-width-large:100%;--awb-margin-top-large:20px;--awb-spacing-right-large:1.92%;--awb-margin-bottom-large:20px;--awb-spacing-left-large:1.92%;--awb-width-medium:100%;--awb-spacing-right-medium:4.8%;--awb-spacing-left-medium:6.72%;--awb-width-small:100%;--awb-spacing-right-small:1.92%;--awb-spacing-left-small:1.92%;\" data-animationType=\"fadeInRight\" data-animationDuration=\"1.6\" data-animationOffset=\"top-into-view\"><div class=\"fusion-column-wrapper fusion-column-has-shadow fusion-flex-justify-content-flex-start fusion-content-layout-column\"><div class=\"fusion-title title fusion-title-1 fusion-sep-none fusion-title-text fusion-title-size-two\"><h2 class=\"fusion-title-heading title-heading-left fusion-responsive-typography-calculated\" style=\"margin:0;--fontSize:54;line-height:1.14;\">Conditions g\u00e9n\u00e9rales de vente<\/h2><\/div><div class=\"fusion-text fusion-text-1\" style=\"--awb-content-alignment:left;--awb-font-size:20px;--awb-line-height:1.48em;--awb-letter-spacing:-0.01em;\"><ol>\n<li>Nos prix sont hors TVA.<\/li>\n<li>Toutes nos factures sont payables au comptant sans escompte.<\/li>\n<li>Le client qui passe un ordre d&rsquo;ex\u00e9cution ou de reproduction est suppos\u00e9 en avoir le droit et nous d\u00e9charge de toute responsabilit\u00e9 \u00e0 l&rsquo;\u00e9gard des tiers. Dans ce cadre, nous ne pouvons \u00eatre tenus responsables du paiement d&rsquo;un quelconque d\u00e9dommagement direct ou indirect. <\/li>\n<li>La fabrication est livr\u00e9e selon les conditions et les usages des imprimeurs et des papeteries\/cartonneries. Les teintes et la puret\u00e9 du papier ou du carton pouvant varier d&rsquo;une fabrication \u00e0 l&rsquo;autre, nous ne pouvons garantir que les imprim\u00e9s seront toujours de teinte et de puret\u00e9 identiques \u00e0 celles des \u00e9chantillons ou des livraisons ant\u00e9rieures. La stabilit\u00e9 des couleurs d&rsquo;encre n&rsquo;est pas garantie. Un \u00e9cart ne peut en aucun cas justifier le refus de la marchandise ou de la demande d&rsquo;une r\u00e9duction de prix..   <\/li>\n<li>Tous nos mod\u00e8les et cr\u00e9ations restent notre propri\u00e9t\u00e9. Les prix factur\u00e9s ne couvrent que le co\u00fbt de la partie mat\u00e9rielle de l&rsquo;ex\u00e9cution des mod\u00e8les. Ces prix ne peuvent \u00eatre consid\u00e9r\u00e9s comme un paiement pour la cr\u00e9ation elle-m\u00eame.  <\/li>\n<li>Les frais de clich\u00e9s sont factur\u00e9s \u00e0 prix co\u00fbtant ou fournis par le client.<\/li>\n<li>Des suppl\u00e9ments de prix sont indiqu\u00e9s sur le devis ou la liste de prix : ficeler de sacs \u00e0 pistolet, les couleurs pantone sp\u00e9cifiques, le r\u00e9-empilage des palettes, la contribution PointVert, etc.<\/li>\n<li>Des nouvelles commandes personnalis\u00e9es sont d\u00e9finitives apr\u00e8s avoir sign\u00e9 l&rsquo;offre et l\u2019\u00e9preuve par le client.<\/li>\n<li>Les d\u00e9lais de livraison ne sont pas contraignants, ils sont indiqu\u00e9s \u00e0 titre indicatif. Les livraisons tardives ne peuvent donner lieu \u00e0 des dommages int\u00e9r\u00eats. <\/li>\n<li>Les palettes EUR non retourn\u00e9es seront factur\u00e9es.<\/li>\n<li>Les livraisons en Belgique sont franco \u00e0 partir de 12 palettes. Les livraisons \u00e0 l\u2019\u00e9tranger sont d\u00e9part usine Aarschot (Belgique). <\/li>\n<li>Les marchandises vendues sont connues par l&rsquo;acheteur et ne seront reprises que dans le cas d&rsquo;une erreur de production.<\/li>\n<li>Toutes r\u00e9clamations doivent nous parvenir dans les 5 jours de la r\u00e9ception par \u00e9crit. En ce qui concerne les commandes personnalis\u00e9es, les r\u00e9clamations seront accept\u00e9es au plus tard un mois apr\u00e8s la r\u00e9ception de la commande. Le client est toujours le seul responsable des donn\u00e9es incorrectes ou incompl\u00e8tes et de la v\u00e9rification des \u00e9preuves. L\u2019emploi partiel des marchandises, implique l\u2019acceptation de la totalit\u00e9.   <\/li>\n<li>Une tol\u00e9rance de quantit\u00e9 par article ou par format en plus ou en moins est possible. Une l\u00e9g\u00e8re diff\u00e9rence ne justifie ni une r\u00e9clamation, ni un refus. <\/li>\n<li>Les frais d&rsquo;annulation repr\u00e9sentent 50,00\u20ac + les frais encourus (p.e. \u00e9preuve, frais de clich\u00e9, encre, frais d\u2019outillage, \u2026)<\/li>\n<li>En cas d\u2019envoi d\u2019un ou plusieurs rappels, des frais administratifs de 10,00\u20ac par lettre seront factur\u00e9s. De plus, la dette sera augment\u00e9e de 10% du montant de la facture (TVA incluse) \u00e0 titre d\u2019indemnit\u00e9 forfaitaire et fixe. Les frais juridiques ne sont pas inclus dans ce montant et seront, si n\u00e9cessaire, \u00e9galement \u00e0 la charge du client.  <\/li>\n<li>En cas de retard de paiement, la soci\u00e9t\u00e9 est en droit de suspendre l\u2019ex\u00e9cution des commandes en cours jusqu\u2019au paiement de factures \u00e9chues.<\/li>\n<li>La soci\u00e9t\u00e9 peut \u00eatre oblig\u00e9e d\u2019interrompre temporairement ou d\u00e9finitivement des produits\/proposition en raison de circonstances exceptionnelles, telles que la force majeure.<\/li>\n<li>Tout cas de force majeure nous d\u00e9gage de nos obligations sur simple avis de notre part.<\/li>\n<li>Nous conservons la propri\u00e9t\u00e9 de toutes les marchandises livr\u00e9es tant que l&rsquo;acheteur n&rsquo;a pas ex\u00e9cut\u00e9 toutes ses obligations \u00e0 notre \u00e9gard<\/li>\n<li>En cas de contestation, seulement les tribunaux du domicile du vendeur sont comp\u00e9tents.<\/li>\n<li>Le fait de passer commande engage automatiquement l\u2019acceptation par le client de ces conditions g\u00e9n\u00e9rales de vente.<\/li>\n<\/ol>\n<\/div><\/div><\/div><\/div><\/div><div class=\"fusion-fullwidth fullwidth-box fusion-builder-row-2 fusion-flex-container nonhundred-percent-fullwidth non-hundred-percent-height-scrolling\" style=\"--link_hover_color: hsla(var(--awb-color1-h),var(--awb-color1-s),var(--awb-color1-l),calc( var(--awb-color1-a) - 10% ));--link_color: var(--awb-color1);--awb-border-radius-top-left:0px;--awb-border-radius-top-right:0px;--awb-border-radius-bottom-right:0px;--awb-border-radius-bottom-left:0px;--awb-padding-top:4%;--awb-padding-bottom:4%;--awb-padding-bottom-medium:30px;--awb-background-color:var(--awb-color5);--awb-flex-wrap:wrap;\" ><div class=\"fusion-builder-row fusion-row fusion-flex-align-items-center fusion-flex-content-wrap\" style=\"max-width:1445.6px;margin-left: calc(-4% \/ 2 );margin-right: calc(-4% \/ 2 );\"><div class=\"fusion-layout-column fusion_builder_column fusion-builder-column-1 fusion_builder_column_1_1 1_1 fusion-flex-column\" style=\"--awb-bg-size:cover;--awb-width-large:100%;--awb-margin-top-large:20px;--awb-spacing-right-large:1.92%;--awb-margin-bottom-large:20px;--awb-spacing-left-large:1.92%;--awb-width-medium:100%;--awb-spacing-right-medium:1.92%;--awb-spacing-left-medium:1.92%;--awb-width-small:100%;--awb-order-small:0;--awb-spacing-right-small:1.92%;--awb-spacing-left-small:1.92%;\"><div class=\"fusion-column-wrapper fusion-column-has-shadow fusion-flex-justify-content-flex-start fusion-content-layout-column\"><div class=\"fusion-title title fusion-title-2 fusion-sep-none fusion-title-center fusion-title-text fusion-title-size-one fusion-animated\" style=\"--awb-text-color:var(--awb-color1);--awb-margin-bottom:36px;--awb-margin-bottom-medium:30px;\" data-animationType=\"fadeInDown\" data-animationDuration=\"1.4\" data-animationOffset=\"top-into-view\"><h1 class=\"fusion-title-heading title-heading-center fusion-responsive-typography-calculated\" style=\"margin:0;--fontSize:72;line-height:var(--awb-typography1-line-height);\">Wenst u meer informatie over onze diensten of een persoonlijke afspraak?<\/h1><\/div><div class=\"fusion-builder-row fusion-builder-row-inner fusion-row fusion-flex-align-items-center fusion-flex-content-wrap\" style=\"width:104% !important;max-width:104% !important;margin-left: calc(-4% \/ 2 );margin-right: calc(-4% \/ 2 );\"><div class=\"fusion-layout-column fusion_builder_column_inner fusion-builder-nested-column-0 fusion_builder_column_inner_1_2 1_2 fusion-flex-column\" style=\"--awb-bg-size:cover;--awb-width-large:50%;--awb-margin-top-large:20px;--awb-spacing-right-large:3.84%;--awb-margin-bottom-large:20px;--awb-spacing-left-large:3.84%;--awb-width-medium:50%;--awb-order-medium:0;--awb-spacing-right-medium:3.84%;--awb-spacing-left-medium:3.84%;--awb-width-small:100%;--awb-order-small:0;--awb-margin-top-small:0px;--awb-spacing-right-small:1.92%;--awb-margin-bottom-small:0px;--awb-spacing-left-small:1.92%;\"><div class=\"fusion-column-wrapper fusion-column-has-shadow fusion-flex-justify-content-center fusion-content-layout-row\"><div class=\"fusion-text fusion-text-2 sm-text-align-center fusion-animated\" style=\"--awb-content-alignment:right;--awb-font-size:30px;--awb-line-height:1.4em;--awb-letter-spacing:-0.01em;--awb-text-color:var(--awb-color1);--awb-text-font-family:var(--awb-typography4-font-family);--awb-text-font-weight:var(--awb-typography4-font-weight);--awb-text-font-style:var(--awb-typography4-font-style);\" data-animationType=\"fadeInLeft\" data-animationDuration=\"1.0\" data-animationOffset=\"top-into-view\"><p>E-mail: info@kartonnage-geyskens.be<\/p>\n<\/div><\/div><\/div><div class=\"fusion-layout-column fusion_builder_column_inner fusion-builder-nested-column-1 fusion_builder_column_inner_1_2 1_2 fusion-flex-column\" style=\"--awb-bg-size:cover;--awb-width-large:50%;--awb-margin-top-large:20px;--awb-spacing-right-large:3.84%;--awb-margin-bottom-large:20px;--awb-spacing-left-large:3.84%;--awb-width-medium:50%;--awb-order-medium:0;--awb-spacing-right-medium:3.84%;--awb-spacing-left-medium:3.84%;--awb-width-small:100%;--awb-order-small:0;--awb-margin-top-small:0px;--awb-spacing-right-small:1.92%;--awb-margin-bottom-small:0px;--awb-spacing-left-small:1.92%;\"><div class=\"fusion-column-wrapper fusion-column-has-shadow fusion-flex-justify-content-center fusion-content-layout-row\"><div class=\"fusion-text fusion-text-3 sm-text-align-center fusion-animated\" style=\"--awb-content-alignment:left;--awb-font-size:30px;--awb-line-height:1.4em;--awb-letter-spacing:-0.01em;--awb-text-color:var(--awb-color1);--awb-text-font-family:var(--awb-typography4-font-family);--awb-text-font-weight:var(--awb-typography4-font-weight);--awb-text-font-style:var(--awb-typography4-font-style);\" data-animationType=\"fadeInLeft\" data-animationDuration=\"1.0\" data-animationOffset=\"top-into-view\"><p>Bel ons: +32 (0) 16 56 86 36<\/p>\n<\/div><\/div><\/div><\/div><\/div><\/div><\/div><\/div>\n<\/p>\n","protected":false},"excerpt":{"rendered":"","protected":false},"author":2,"featured_media":0,"parent":0,"menu_order":23,"comment_status":"closed","ping_status":"closed","template":"100-width.php","meta":{"footnotes":""},"class_list":["post-6085","page","type-page","status-publish","hentry"],"_links":{"self":[{"href":"https:\/\/kartonnage-geyskens.be\/fr\/wp-json\/wp\/v2\/pages\/6085","targetHints":{"allow":["GET"]}}],"collection":[{"href":"https:\/\/kartonnage-geyskens.be\/fr\/wp-json\/wp\/v2\/pages"}],"about":[{"href":"https:\/\/kartonnage-geyskens.be\/fr\/wp-json\/wp\/v2\/types\/page"}],"author":[{"embeddable":true,"href":"https:\/\/kartonnage-geyskens.be\/fr\/wp-json\/wp\/v2\/users\/2"}],"replies":[{"embeddable":true,"href":"https:\/\/kartonnage-geyskens.be\/fr\/wp-json\/wp\/v2\/comments?post=6085"}],"version-history":[{"count":14,"href":"https:\/\/kartonnage-geyskens.be\/fr\/wp-json\/wp\/v2\/pages\/6085\/revisions"}],"predecessor-version":[{"id":6549,"href":"https:\/\/kartonnage-geyskens.be\/fr\/wp-json\/wp\/v2\/pages\/6085\/revisions\/6549"}],"wp:attachment":[{"href":"https:\/\/kartonnage-geyskens.be\/fr\/wp-json\/wp\/v2\/media?parent=6085"}],"curies":[{"name":"wp","href":"https:\/\/api.w.org\/{rel}","templated":true}]}}