{"id":6078,"date":"2023-10-04T11:17:29","date_gmt":"2023-10-04T11:17:29","guid":{"rendered":"https:\/\/kartonnage-geyskens.be\/politique-de-confidentialite\/"},"modified":"2025-07-01T18:05:12","modified_gmt":"2025-07-01T18:05:12","slug":"politique-de-confidentialite","status":"publish","type":"page","link":"https:\/\/kartonnage-geyskens.be\/fr\/politique-de-confidentialite\/","title":{"rendered":"Politique de confidentialit\u00e9"},"content":{"rendered":"<p><div class=\"fusion-fullwidth fullwidth-box fusion-builder-row-1 fusion-flex-container nonhundred-percent-fullwidth non-hundred-percent-height-scrolling\" style=\"--awb-border-radius-top-left:0px;--awb-border-radius-top-right:0px;--awb-border-radius-bottom-right:0px;--awb-border-radius-bottom-left:0px;--awb-padding-top:84px;--awb-padding-bottom:88px;--awb-padding-top-medium:30px;--awb-padding-top-small:40px;--awb-padding-bottom-small:40px;--awb-margin-top:0px;--awb-background-color:var(--awb-color1);--awb-flex-wrap:wrap;\" ><div class=\"fusion-builder-row fusion-row fusion-flex-align-items-center fusion-flex-content-wrap\" style=\"max-width:1445.6px;margin-left: calc(-4% \/ 2 );margin-right: calc(-4% \/ 2 );\"><div class=\"fusion-layout-column fusion_builder_column fusion-builder-column-0 fusion_builder_column_1_1 1_1 fusion-flex-column fusion-animated\" style=\"--awb-bg-size:cover;--awb-width-large:100%;--awb-margin-top-large:20px;--awb-spacing-right-large:1.92%;--awb-margin-bottom-large:20px;--awb-spacing-left-large:1.92%;--awb-width-medium:100%;--awb-spacing-right-medium:4.8%;--awb-spacing-left-medium:6.72%;--awb-width-small:100%;--awb-spacing-right-small:1.92%;--awb-spacing-left-small:1.92%;\" data-animationType=\"fadeInRight\" data-animationDuration=\"1.6\" data-animationOffset=\"top-into-view\"><div class=\"fusion-column-wrapper fusion-column-has-shadow fusion-flex-justify-content-flex-start fusion-content-layout-column\"><div class=\"fusion-title title fusion-title-1 fusion-sep-none fusion-title-text fusion-title-size-two\"><h2 class=\"fusion-title-heading title-heading-left fusion-responsive-typography-calculated\" style=\"margin:0;--fontSize:54;line-height:1.14;\">D\u00e9claration de confidentialit\u00e9 et de cookies Cardboard Geyskens<\/h2><\/div><div class=\"fusion-text fusion-text-1\" style=\"--awb-content-alignment:left;--awb-font-size:20px;--awb-line-height:1.48em;--awb-letter-spacing:-0.01em;\"><p><span style=\"color: var(--awb-text-color); font-family: var(--awb-text-font-family); font-size: var(--awb-font-size); font-style: var(--awb-text-font-style); font-weight: var(--awb-text-font-weight); letter-spacing: var(--awb-letter-spacing); text-align: var(--awb-content-alignment); text-transform: var(--awb-text-transform); background-color: var(--awb-bg-color-hover);\">D\u00e9claration de confidentialit\u00e9 et de cookies<\/span><\/p>\n<p>La pr\u00e9sente \u00ab\u00a0Politique de confidentialit\u00e9\u00a0\u00bb r\u00e9git le traitement de vos donn\u00e9es \u00e0 caract\u00e8re personnel par le responsable du traitement : Kartonnage Geyskens, dont le si\u00e8ge social est situ\u00e9 Nieuwlandlaan 151 et qui est inscrit au K.B.O. sous le num\u00e9ro 0413305122 (ci-apr\u00e8s \u00ab\u00a0Kartonnage Geyskens\u00a0\u00bb). Veuillez lire attentivement la pr\u00e9sente politique de confidentialit\u00e9, car elle contient des informations essentielles sur la mani\u00e8re dont vos donn\u00e9es personnelles sont trait\u00e9es et sur les cookies utilis\u00e9s. En communiquant vos donn\u00e9es personnelles sur le site web et en fournissant des donn\u00e9es personnelles aux adresses \u00e9lectroniques mentionn\u00e9es sur ce site web, vous d\u00e9clarez avoir lu la pr\u00e9sente politique de confidentialit\u00e9 et l&rsquo;accepter express\u00e9ment, de m\u00eame que le traitement lui-m\u00eame.  <\/p>\n<p>Article 1 &#8211; G\u00e9n\u00e9ralit\u00e9s<\/p>\n<p>Kartonnage Geyskens respecte la \u00ab\u00a0loi du 8 d\u00e9cembre 1992 relative \u00e0 la protection de la vie priv\u00e9e \u00e0 l&rsquo;\u00e9gard des traitements de donn\u00e9es \u00e0 caract\u00e8re personnel\u00a0\u00bb, ainsi que les dispositions anti-spam du Livre XII du Code de droit \u00e9conomique sur le \u00ab\u00a0droit de l&rsquo;\u00e9conomie \u00e9lectronique\u00a0\u00bb.<\/p>\n<p>Par cette politique de confidentialit\u00e9, Kartonnage Geyskens se conforme \u00e9galement au r\u00e8glement europ\u00e9en 2016\/679 du 27 avril 2016 relatif \u00e0 la protection des donn\u00e9es \u00e0 caract\u00e8re personnel.<\/p>\n<p>Le responsable du traitement de vos donn\u00e9es personnelles est Kartonnage Geyskens. Une d\u00e9claration a \u00e9t\u00e9 faite \u00e0 la Commission de la protection de la vie priv\u00e9e concernant le traitement de vos donn\u00e9es personnelles. <\/p>\n<p>Article 2 &#8211; Donn\u00e9es \u00e0 caract\u00e8re personnel<\/p>\n<p>2.1. Les donn\u00e9es personnelles que vous nous communiquez :<\/p>\n<p>Cat\u00e9gorie 1 : sans enregistrement : votre adresse IP ;<\/p>\n<p>Cat\u00e9gorie 2 : remplir des formulaires ou passer des commandes sans enregistrement : tous les champs du formulaire, ainsi que votre adresse IP ;<\/p>\n<p>Cat\u00e9gorie 3 : lors de l&rsquo;inscription : tous les champs du formulaire, ainsi que votre adresse IP et votre mot de passe ;<\/p>\n<p>Cat\u00e9gorie 4 : via les cookies.<\/p>\n<p>2.2. Kartonnage Geyskens peut collecter des informations vous concernant (donn\u00e9es personnelles) de diff\u00e9rentes mani\u00e8res :<\/p>\n<p>a. par l&rsquo;utilisation de cookies (voir ci-dessous) ; <\/p>\n<p>b. lors de votre inscription et de votre utilisation du site web ;<\/p>\n<p>2.3. Le site Web utilise \u00e9galement des cookies qui collectent certaines donn\u00e9es \u00e0 caract\u00e8re personnel. Pour les dispositions relatives \u00e0 l&rsquo;utilisation des cookies, voir l&rsquo;article 8. <\/p>\n<p>Article 3 &#8211; Finalit\u00e9s du traitement<\/p>\n<p>3.1. Objectifs g\u00e9n\u00e9raux :<\/p>\n<p>Kartonnage Geyskens n&rsquo;utilisera les donn\u00e9es personnelles recueillies aupr\u00e8s de vous qu&rsquo;aux fins suivantes :<\/p>\n<p>Cat\u00e9gorie 1 : maintien et am\u00e9lioration de ce site web et inclusion des donn\u00e9es personnelles dans des statistiques anonymes, \u00e0 partir desquelles l&rsquo;identit\u00e9 d&rsquo;individus ou d&rsquo;entreprises sp\u00e9cifiques ne peut \u00eatre retrouv\u00e9e, la base juridique \u00e9tant les int\u00e9r\u00eats l\u00e9gitimes de Kartonnage Geyskens \u00e0 am\u00e9liorer continuellement son site web et ses services ;<\/p>\n<p>Cat\u00e9gorie 2 : la gestion de votre compte sur ce site Web dans le but d&rsquo;utiliser notre Kartonnage Geyskens et notre site Web, la base juridique \u00e9tant l&rsquo;ex\u00e9cution d&rsquo;un accord demand\u00e9 par vous, et, si vous l&rsquo;indiquez, \u00e9galement l&rsquo;envoi de marketing direct, la base juridique \u00e9tant votre consentement explicite et pr\u00e9alable ;<\/p>\n<p>Cat\u00e9gorie 3 : vous envoyer du marketing direct, des bulletins d&rsquo;information, des actions et des promotions, la base juridique \u00e9tant votre consentement explicite et pr\u00e9alable ;<\/p>\n<p>Cat\u00e9gorie 4 : am\u00e9lioration de l&rsquo;exp\u00e9rience de l&rsquo;utilisateur et objectifs statistiques (voir ci-dessous), la base juridique \u00e9tant votre consentement explicite et pr\u00e9alable ;<\/p>\n<p>Vous n&rsquo;\u00eates pas oblig\u00e9 de divulguer vos donn\u00e9es \u00e0 caract\u00e8re personnel, mais vous comprenez que la fourniture de certains services devient impossible si vous refusez le traitement.<\/p>\n<p>3.2. Marketing direct :<\/p>\n<p>Les donn\u00e9es personnelles seront \u00e9galement utilis\u00e9es \u00e0 des fins de marketing direct, \u00e0 condition que vous ayez donn\u00e9 votre consentement explicite suppl\u00e9mentaire (\u00ab\u00a0opt-in\u00a0\u00bb).<\/p>\n<p>Si vous \u00eates d\u00e9j\u00e0 inscrit sur notre liste de diffusion pour recevoir du mat\u00e9riel de marketing sous forme papier et\/ou \u00e9lectronique, Kartonnage Geyskens peut utiliser vos donn\u00e9es pour envoyer du mat\u00e9riel de marketing et d&rsquo;autres documents relatifs \u00e0 Kartonnage Geyskens, \u00e0 ses produits et\/ou \u00e0 ses services. Kartonnage Geyskens peut utiliser les donn\u00e9es que vous fournissez pour mettre \u00e0 jour des documents d\u00e9tenus par Kartonnage Geyskens. <\/p>\n<p>Ce consentement peut \u00eatre retir\u00e9 \u00e0 tout moment, sans justification et gratuitement en cliquant, par exemple, sur le lien de d\u00e9sinscription pr\u00e9vu \u00e0 cet effet au bas de chaque message \u00e9lectronique promotionnel.<\/p>\n<p>3.3. Transfert \u00e0 des tiers :<\/p>\n<p>En cas de r\u00e9organisation totale ou partielle ou de transfert d&rsquo;activit\u00e9s de Kartonnage Geyskens, par lequel il r\u00e9organise, transf\u00e8re, cesse ses activit\u00e9s commerciales ou si Kartonnage Geyskens fait faillite, cela peut impliquer le transfert de vos donn\u00e9es \u00e0 de nouvelles entit\u00e9s ou \u00e0 des tiers par l&rsquo;interm\u00e9diaire desquels tout ou partie des activit\u00e9s commerciales de Kartonnage Geyskens sont exerc\u00e9es.<\/p>\n<p>Kartonnage Geyskens fera des efforts raisonnables pour vous informer au pr\u00e9alable de la divulgation de vos donn\u00e9es par Kartonnage Geyskens \u00e0 ladite tierce partie, mais vous reconnaissez \u00e9galement que cela n&rsquo;est pas techniquement ou commercialement r\u00e9alisable dans toutes les circonstances.<\/p>\n<p>Kartonnage Geyskens ne vendra pas, ne louera pas, ne distribuera pas et ne mettra pas vos donn\u00e9es personnelles \u00e0 la disposition de tiers, sauf dans les cas d\u00e9crits ci-dessus ou avec votre consentement pr\u00e9alable.<\/p>\n<p>3.4. Exigences l\u00e9gales :<\/p>\n<p>En de rares occasions, Kartonnage Geyskens peut \u00eatre amen\u00e9 \u00e0 divulguer vos donn\u00e9es \u00e0 caract\u00e8re personnel en vertu d&rsquo;une d\u00e9cision de justice ou pour se conformer \u00e0 d&rsquo;autres lois ou r\u00e9glementations obligatoires. Kartonnage Geyskens fera des efforts raisonnables pour vous informer \u00e0 l&rsquo;avance \u00e0 cet \u00e9gard, \u00e0 moins que des restrictions l\u00e9gales ne s&rsquo;y opposent. <\/p>\n<p>Article 4 &#8211; Dur\u00e9e du traitement<\/p>\n<p>Nous conserverons et traiterons les donn\u00e9es \u00e0 caract\u00e8re personnel pendant la p\u00e9riode n\u00e9cessaire en fonction des finalit\u00e9s du traitement et de la relation contractuelle entre Kartonnage Geyskens et Vous.<\/p>\n<p>Article 5 &#8211; Vos droits<\/p>\n<p>5.1. Droit d&rsquo;acc\u00e8s et d&rsquo;inspection :<\/p>\n<p>Vous avez le droit d&rsquo;acc\u00e9der \u00e0 tout moment et gratuitement \u00e0 vos donn\u00e9es personnelles ainsi qu&rsquo;\u00e0 l&rsquo;utilisation que nous faisons de vos donn\u00e9es personnelles.<\/p>\n<p>5.2. Droit de rectification, d&rsquo;effacement et de limitation :<\/p>\n<p>Vous \u00eates libre de communiquer ou non vos donn\u00e9es personnelles \u00e0 Kartonnage Geyskens. En outre, vous avez toujours le droit de nous demander de corriger, compl\u00e9ter ou supprimer vos donn\u00e9es personnelles. Vous reconnaissez que si Vous refusez de communiquer ou de demander la suppression de donn\u00e9es personnelles, certains services et produits ne seront pas disponibles.  <\/p>\n<p>Vous pouvez \u00e9galement demander \u00e0 restreindre le traitement de vos donn\u00e9es personnelles.<\/p>\n<p>5.3. Droit d&rsquo;opposition :<\/p>\n<p>Vous avez \u00e9galement le droit de vous opposer au traitement de vos donn\u00e9es personnelles pour des raisons s\u00e9rieuses et l\u00e9gitimes.<\/p>\n<p>En outre, vous avez toujours le droit de vous opposer \u00e0 l&rsquo;utilisation de donn\u00e9es \u00e0 caract\u00e8re personnel \u00e0 des fins de marketing direct ; dans ce cas, vous n&rsquo;avez pas besoin de fournir de raisons.<\/p>\n<p>5.4. Droit au transfert gratuit de donn\u00e9es :<\/p>\n<p>Vous avez le droit d&rsquo;obtenir et\/ou de transf\u00e9rer \u00e0 d&rsquo;autres responsables du traitement vos donn\u00e9es personnelles que nous traitons dans un format structur\u00e9, commun et lisible par machine.<\/p>\n<p>5.5. Droit de retirer son consentement :<\/p>\n<p>Dans la mesure o\u00f9 le traitement est fond\u00e9 sur votre consentement pr\u00e9alable, vous avez le droit de retirer ce consentement.<\/p>\n<p>5.6. Exercer vos droits :<\/p>\n<p>Vous pouvez exercer vos droits en nous contactant, soit par e-mail \u00e0 info@kartonnage-geyskens.be, soit par courrier \u00e0 Kartonnage Geyskens Nieuwlandlaan 151<\/p>\n<p>5.7. D\u00e9cisions automatis\u00e9es et profilage :<\/p>\n<p>Le traitement de vos donn\u00e9es personnelles n&rsquo;inclut pas le profilage et vous ne serez pas soumis \u00e0 des d\u00e9cisions automatis\u00e9es de notre part.<\/p>\n<p>5.8. Droit de se plaindre :<\/p>\n<p>Vous avez le droit de d\u00e9poser une plainte aupr\u00e8s de la Commission belge de la protection de la vie priv\u00e9e : Commission de la protection de la vie priv\u00e9e, Rue du Printing Press 35, 1000 Bruxelles, Tel +32 (0)2 274 48 00, Fax +32 (0)2 274 48 35, e-mail : contact@apd-gba.be.<\/p>\n<p>Ceci est sans pr\u00e9judice d&rsquo;un recours devant un tribunal civil.<\/p>\n<p>Si vous subissez un pr\u00e9judice du fait du traitement de vos donn\u00e9es \u00e0 caract\u00e8re personnel, vous pouvez introduire une demande d&rsquo;indemnisation.<\/p>\n<p>Article 6 &#8211; S\u00e9curit\u00e9 et confidentialit\u00e9<\/p>\n<p>6.1. Nous avons d\u00e9velopp\u00e9 des mesures de s\u00e9curit\u00e9 adapt\u00e9es au niveau technique et organisationnel pour \u00e9viter la destruction, la perte, la falsification, la modification, l&rsquo;acc\u00e8s non autoris\u00e9 ou la divulgation involontaire \u00e0 des tiers des donn\u00e9es personnelles collect\u00e9es ainsi que tout autre traitement non autoris\u00e9 de ces donn\u00e9es.<\/p>\n<p>6.2. Kartonnage Geyskens ne peut en aucun cas \u00eatre tenu responsable de tout dommage direct ou indirect r\u00e9sultant d&rsquo;une utilisation erron\u00e9e ou ill\u00e9gale par un tiers des donn\u00e9es \u00e0 caract\u00e8re personnel.<\/p>\n<p>6.3. Vous devez \u00e0 tout moment respecter les r\u00e8gles de s\u00e9curit\u00e9, notamment en emp\u00eachant tout acc\u00e8s non autoris\u00e9 \u00e0 Votre login et \u00e0 Votre code. Vous \u00eates donc seul responsable de l&rsquo;utilisation faite \u00e0 partir du Site de Votre ordinateur, de Votre adresse IP et de Vos donn\u00e9es d&rsquo;identification, ainsi que de leur confidentialit\u00e9. <\/p>\n<p>Article 7 &#8211; Acc\u00e8s des tiers<\/p>\n<p>Afin de traiter vos donn\u00e9es personnelles, nous donnons acc\u00e8s \u00e0 vos donn\u00e9es personnelles \u00e0 nos employ\u00e9s.<\/p>\n<p>Nous garantissons un niveau de protection similaire en rendant opposables \u00e0 ces employ\u00e9s et personnes nomm\u00e9es des obligations contractuelles similaires \u00e0 la pr\u00e9sente politique de protection de la vie priv\u00e9e.<\/p>\n<p>Article 8 &#8211; Cookies<\/p>\n<p>8.1. Qu&rsquo;est-ce qu&rsquo;un biscuit ?<\/p>\n<p>Un \u00ab\u00a0cookie\u00a0\u00bb est un petit fichier envoy\u00e9 par le serveur de Kartonnage Geyskens et stock\u00e9 sur le disque dur de votre ordinateur. Les informations stock\u00e9es sur ces cookies ne peuvent \u00eatre lues que par Nous et uniquement pendant la dur\u00e9e de la visite sur le Site. <\/p>\n<p>8.2. Pourquoi utilisons-nous des cookies ?<\/p>\n<p>Notre site web utilise des cookies et des technologies similaires pour distinguer vos pr\u00e9f\u00e9rences d&rsquo;utilisation de celles des autres utilisateurs de notre site web. Cela nous aide \u00e0 vous offrir une meilleure exp\u00e9rience utilisateur lorsque vous visitez notre site web et nous permet \u00e9galement d&rsquo;optimiser notre site web. <\/p>\n<p>Suite \u00e0 de r\u00e9cents changements l\u00e9gislatifs, tous les sites Web ciblant certaines parties de l&rsquo;Union europ\u00e9enne sont tenus de vous demander la permission d&rsquo;utiliser ou de stocker des cookies et des technologies similaires sur vos ordinateurs ou appareils mobiles. La pr\u00e9sente politique en mati\u00e8re de cookies vous donne des informations claires et compl\u00e8tes sur les cookies que nous utilisons et leur finalit\u00e9. <\/p>\n<p>8.3. Types de cookies :<\/p>\n<p>Bien qu&rsquo;il existe diff\u00e9rents types de cookies, distingu\u00e9s en termes de fonctionnalit\u00e9, d&rsquo;origine ou de dur\u00e9e de conservation, la l\u00e9gislation fait principalement la distinction entre les cookies fonctionnels ou techniquement n\u00e9cessaires, d&rsquo;une part, et tous les autres cookies, d&rsquo;autre part.<\/p>\n<p>Le site Web utilise uniquement les cookies suivants :<\/p>\n<p>Cookies fonctionnels (n\u00e9cessaires)<\/p>\n<p>En ce qui concerne les cookies plac\u00e9s par des tiers (y compris Google Analytics), nous vous renvoyons aux d\u00e9clarations faites par ces parties sur leurs sites web respectifs \u00e0 ce sujet. Veuillez noter que nous n&rsquo;exer\u00e7ons aucune influence sur le contenu de ces d\u00e9clarations, ni sur le contenu des cookies de ces tiers : cookies Google Analytics <\/p>\n<p>8.4. votre consentement :<\/p>\n<p>Vous pouvez toujours refuser ou bloquer les cookies en modifiant les param\u00e8tres de configuration de votre syst\u00e8me de navigation. La d\u00e9sactivation des cookies peut Vous emp\u00eacher d&rsquo;utiliser certaines fonctionnalit\u00e9s du Site Internet. <\/p>\n<p>Si vous avez d&rsquo;autres questions ou commentaires concernant le traitement de vos donn\u00e9es personnelles, n&rsquo;h\u00e9sitez pas \u00e0 nous contacter.<\/p>\n<p>Vous pouvez \u00e9galement trouver plus d&rsquo;informations sur les cookies \u00e0 l&rsquo;adresse suivante : http:\/\/www.allaboutcookies.org\/<\/p>\n<p>Vous trouverez de plus amples informations sur la publicit\u00e9 comportementale en ligne et la protection de la vie priv\u00e9e en ligne \u00e0 l&rsquo;adresse suivante : http:\/\/www.youronlinechoices.eu\/<\/p>\n<\/div><\/div><\/div><\/div><\/div><div class=\"fusion-fullwidth fullwidth-box fusion-builder-row-2 fusion-flex-container nonhundred-percent-fullwidth non-hundred-percent-height-scrolling\" style=\"--link_hover_color: hsla(var(--awb-color1-h),var(--awb-color1-s),var(--awb-color1-l),calc( var(--awb-color1-a) - 10% ));--link_color: var(--awb-color1);--awb-border-radius-top-left:0px;--awb-border-radius-top-right:0px;--awb-border-radius-bottom-right:0px;--awb-border-radius-bottom-left:0px;--awb-padding-top:4%;--awb-padding-bottom:4%;--awb-padding-bottom-medium:30px;--awb-background-color:var(--awb-color5);--awb-flex-wrap:wrap;\" ><div class=\"fusion-builder-row fusion-row fusion-flex-align-items-center fusion-flex-content-wrap\" style=\"max-width:1445.6px;margin-left: calc(-4% \/ 2 );margin-right: calc(-4% \/ 2 );\"><div class=\"fusion-layout-column fusion_builder_column fusion-builder-column-1 fusion_builder_column_1_1 1_1 fusion-flex-column\" style=\"--awb-bg-size:cover;--awb-width-large:100%;--awb-margin-top-large:20px;--awb-spacing-right-large:1.92%;--awb-margin-bottom-large:20px;--awb-spacing-left-large:1.92%;--awb-width-medium:100%;--awb-spacing-right-medium:1.92%;--awb-spacing-left-medium:1.92%;--awb-width-small:100%;--awb-order-small:0;--awb-spacing-right-small:1.92%;--awb-spacing-left-small:1.92%;\"><div class=\"fusion-column-wrapper fusion-column-has-shadow fusion-flex-justify-content-flex-start fusion-content-layout-column\"><div class=\"fusion-title title fusion-title-2 fusion-sep-none fusion-title-center fusion-title-text fusion-title-size-one fusion-animated\" style=\"--awb-text-color:var(--awb-color1);--awb-margin-bottom:36px;--awb-margin-bottom-medium:30px;\" data-animationType=\"fadeInDown\" data-animationDuration=\"1.4\" data-animationOffset=\"top-into-view\"><h1 class=\"fusion-title-heading title-heading-center fusion-responsive-typography-calculated\" style=\"margin:0;--fontSize:72;line-height:var(--awb-typography1-line-height);\">Wenst u meer informatie over onze diensten of een persoonlijke afspraak?<\/h1><\/div><div class=\"fusion-builder-row fusion-builder-row-inner fusion-row fusion-flex-align-items-center fusion-flex-content-wrap\" style=\"width:104% !important;max-width:104% !important;margin-left: calc(-4% \/ 2 );margin-right: calc(-4% \/ 2 );\"><div class=\"fusion-layout-column fusion_builder_column_inner fusion-builder-nested-column-0 fusion_builder_column_inner_1_2 1_2 fusion-flex-column\" style=\"--awb-bg-size:cover;--awb-width-large:50%;--awb-margin-top-large:20px;--awb-spacing-right-large:3.84%;--awb-margin-bottom-large:20px;--awb-spacing-left-large:3.84%;--awb-width-medium:50%;--awb-order-medium:0;--awb-spacing-right-medium:3.84%;--awb-spacing-left-medium:3.84%;--awb-width-small:100%;--awb-order-small:0;--awb-margin-top-small:0px;--awb-spacing-right-small:1.92%;--awb-margin-bottom-small:0px;--awb-spacing-left-small:1.92%;\"><div class=\"fusion-column-wrapper fusion-column-has-shadow fusion-flex-justify-content-center fusion-content-layout-row\"><div class=\"fusion-text fusion-text-2 sm-text-align-center fusion-animated\" style=\"--awb-content-alignment:right;--awb-font-size:30px;--awb-line-height:1.4em;--awb-letter-spacing:-0.01em;--awb-text-color:var(--awb-color1);--awb-text-font-family:var(--awb-typography4-font-family);--awb-text-font-weight:var(--awb-typography4-font-weight);--awb-text-font-style:var(--awb-typography4-font-style);\" data-animationType=\"fadeInLeft\" data-animationDuration=\"1.0\" data-animationOffset=\"top-into-view\"><p>E-mail: info@kartonnage-geyskens.be<\/p>\n<\/div><\/div><\/div><div class=\"fusion-layout-column fusion_builder_column_inner fusion-builder-nested-column-1 fusion_builder_column_inner_1_2 1_2 fusion-flex-column\" style=\"--awb-bg-size:cover;--awb-width-large:50%;--awb-margin-top-large:20px;--awb-spacing-right-large:3.84%;--awb-margin-bottom-large:20px;--awb-spacing-left-large:3.84%;--awb-width-medium:50%;--awb-order-medium:0;--awb-spacing-right-medium:3.84%;--awb-spacing-left-medium:3.84%;--awb-width-small:100%;--awb-order-small:0;--awb-margin-top-small:0px;--awb-spacing-right-small:1.92%;--awb-margin-bottom-small:0px;--awb-spacing-left-small:1.92%;\"><div class=\"fusion-column-wrapper fusion-column-has-shadow fusion-flex-justify-content-center fusion-content-layout-row\"><div class=\"fusion-text fusion-text-3 sm-text-align-center fusion-animated\" style=\"--awb-content-alignment:left;--awb-font-size:30px;--awb-line-height:1.4em;--awb-letter-spacing:-0.01em;--awb-text-color:var(--awb-color1);--awb-text-font-family:var(--awb-typography4-font-family);--awb-text-font-weight:var(--awb-typography4-font-weight);--awb-text-font-style:var(--awb-typography4-font-style);\" data-animationType=\"fadeInLeft\" data-animationDuration=\"1.0\" data-animationOffset=\"top-into-view\"><p>Bel ons: +32 (0) 16 56 86 36<\/p>\n<\/div><\/div><\/div><\/div><\/div><\/div><\/div><\/div>\n<\/p>\n","protected":false},"excerpt":{"rendered":"","protected":false},"author":2,"featured_media":0,"parent":0,"menu_order":7,"comment_status":"closed","ping_status":"closed","template":"100-width.php","meta":{"footnotes":""},"class_list":["post-6078","page","type-page","status-publish","hentry"],"_links":{"self":[{"href":"https:\/\/kartonnage-geyskens.be\/fr\/wp-json\/wp\/v2\/pages\/6078","targetHints":{"allow":["GET"]}}],"collection":[{"href":"https:\/\/kartonnage-geyskens.be\/fr\/wp-json\/wp\/v2\/pages"}],"about":[{"href":"https:\/\/kartonnage-geyskens.be\/fr\/wp-json\/wp\/v2\/types\/page"}],"author":[{"embeddable":true,"href":"https:\/\/kartonnage-geyskens.be\/fr\/wp-json\/wp\/v2\/users\/2"}],"replies":[{"embeddable":true,"href":"https:\/\/kartonnage-geyskens.be\/fr\/wp-json\/wp\/v2\/comments?post=6078"}],"version-history":[{"count":2,"href":"https:\/\/kartonnage-geyskens.be\/fr\/wp-json\/wp\/v2\/pages\/6078\/revisions"}],"predecessor-version":[{"id":6080,"href":"https:\/\/kartonnage-geyskens.be\/fr\/wp-json\/wp\/v2\/pages\/6078\/revisions\/6080"}],"wp:attachment":[{"href":"https:\/\/kartonnage-geyskens.be\/fr\/wp-json\/wp\/v2\/media?parent=6078"}],"curies":[{"name":"wp","href":"https:\/\/api.w.org\/{rel}","templated":true}]}}