{"id":5546,"date":"2020-06-08T20:12:58","date_gmt":"2020-06-08T20:12:58","guid":{"rendered":"https:\/\/kartonnage-geyskens.be\/home\/"},"modified":"2025-09-30T08:09:02","modified_gmt":"2025-09-30T08:09:02","slug":"home","status":"publish","type":"page","link":"https:\/\/kartonnage-geyskens.be\/fr\/","title":{"rendered":"Home"},"content":{"rendered":"<p><div class=\"fusion-fullwidth fullwidth-box fusion-builder-row-1 fusion-flex-container has-pattern-background has-mask-background fusion-parallax-none nonhundred-percent-fullwidth non-hundred-percent-height-scrolling lazyload\" style=\"--awb-border-radius-top-left:0px;--awb-border-radius-top-right:0px;--awb-border-radius-bottom-right:0px;--awb-border-radius-bottom-left:0px;--awb-padding-top:127px;--awb-padding-bottom:172px;--awb-padding-left:35px;--awb-padding-top-medium:40px;--awb-padding-right-medium:20px;--awb-padding-left-medium:20px;--awb-padding-top-small:0px;--awb-padding-bottom-small:90px;--awb-margin-bottom:0px;--awb-margin-bottom-small:0px;--awb-background-image:linear-gradient(180deg, rgba(7,7,7,0.1) 0%,rgba(7,7,7,0.1) 93%);;--awb-background-size:cover;--awb-flex-wrap:wrap;\" data-bg=\"https:\/\/kartonnage-geyskens.be\/wp-content\/uploads\/2025\/09\/taartdozen-exiga-1024x576.jpg\" data-bg-gradient=\"linear-gradient(180deg, rgba(7,7,7,0.1) 0%,rgba(7,7,7,0.1) 93%)\" ><div class=\"fusion-builder-row fusion-row fusion-flex-align-items-center fusion-flex-justify-content-center fusion-flex-content-wrap\" style=\"max-width:1445.6px;margin-left: calc(-4% \/ 2 );margin-right: calc(-4% \/ 2 );\"><div class=\"fusion-layout-column fusion_builder_column fusion-builder-column-0 fusion_builder_column_3_5 3_5 fusion-flex-column fusion-animated\" style=\"--awb-padding-top:35px;--awb-padding-right:40px;--awb-padding-bottom:40px;--awb-padding-left:35px;--awb-padding-top-medium:130px;--awb-padding-top-small:40px;--awb-overflow:hidden;--awb-bg-color:rgba(0,0,0,0.17);--awb-bg-color-hover:rgba(0,0,0,0.17);--awb-bg-size:cover;--awb-border-radius:10px 0px 0px 0px;--awb-width-large:60%;--awb-margin-top-large:20px;--awb-spacing-right-large:4.64%;--awb-margin-bottom-large:20px;--awb-spacing-left-large:0%;--awb-width-medium:100%;--awb-order-medium:0;--awb-margin-top-medium:0px;--awb-spacing-right-medium:7.68%;--awb-spacing-left-medium:7.68%;--awb-width-small:100%;--awb-margin-top-small:38px;--awb-spacing-right-small:1.92%;--awb-spacing-left-small:1.92%;\" data-animationType=\"fadeInLeft\" data-animationDuration=\"2.0\" data-animationOffset=\"top-into-view\"><div class=\"fusion-column-wrapper fusion-column-has-shadow fusion-flex-justify-content-flex-start fusion-content-layout-column\"><div class=\"fusion-title title fusion-title-1 fusion-sep-none fusion-title-text fusion-title-size-one\" style=\"--awb-text-color:var(--awb-color1);--awb-margin-top-small:8px;--awb-margin-bottom-small:16px;--awb-margin-bottom-medium:16px;--awb-font-size:65px;\"><h1 class=\"fusion-title-heading title-heading-left md-text-align-center sm-text-align-center fusion-responsive-typography-calculated\" style=\"margin:0;font-size:1em;--fontSize:65;line-height:var(--awb-typography1-line-height);\">Kartonnage Geyskens<\/h1><\/div><div class=\"fusion-text fusion-text-1 md-text-align-center sm-text-align-center\" style=\"--awb-content-alignment:left;--awb-font-size:25px;--awb-line-height:1.4em;--awb-letter-spacing:-0.02em;--awb-text-color:var(--awb-color1);\"><p>Qualit\u00e9 et service, notre signature depuis plus de 50 ans<\/p>\n<\/div><div class=\"md-text-align-center sm-text-align-center\"><a class=\"fusion-button button-flat fusion-button-default-size button-custom fusion-button-default button-1 fusion-button-default-span fusion-button-default-type\" style=\"--button_accent_color:var(--awb-color8);--button_border_color:var(--awb-color8);--button_accent_hover_color:var(--awb-color1);--button_border_hover_color:var(--awb-color1);--button_border_width-top:2px;--button_border_width-right:2px;--button_border_width-bottom:2px;--button_border_width-left:2px;--button_gradient_top_color:var(--awb-color1);--button_gradient_bottom_color:var(--awb-color1);--button_gradient_top_color_hover:rgba(233,87,11,0);--button_gradient_bottom_color_hover:rgba(233,87,11,0);--button_text_transform:none;--button_margin-top:16px;\" target=\"_self\" href=\"https:\/\/kartonnage-geyskens.be\/produits\/\"><span class=\"fusion-button-text\">Nos produits<\/span><i class=\"icon-mkb-arrow-right-solid button-icon-right\" aria-hidden=\"true\"><\/i><\/a><\/div><\/div><\/div><div class=\"fusion-layout-column fusion_builder_column fusion-builder-column-1 fusion_builder_column_2_5 2_5 fusion-flex-column\" style=\"--awb-bg-size:cover;--awb-width-large:40%;--awb-margin-top-large:20px;--awb-spacing-right-large:4.8%;--awb-margin-bottom-large:20px;--awb-spacing-left-large:4.8%;--awb-width-medium:40%;--awb-order-medium:0;--awb-spacing-right-medium:4.8%;--awb-spacing-left-medium:4.8%;--awb-width-small:100%;--awb-order-small:0;--awb-spacing-right-small:1.92%;--awb-spacing-left-small:1.92%;\"><div class=\"fusion-column-wrapper fusion-column-has-shadow fusion-flex-justify-content-flex-start fusion-content-layout-column\"><\/div><\/div><\/div><\/div><div class=\"fusion-fullwidth fullwidth-box fusion-builder-row-2 fusion-flex-container fusion-parallax-none nonhundred-percent-fullwidth non-hundred-percent-height-scrolling lazyload\" style=\"--awb-background-position:center top;--awb-border-radius-top-left:0px;--awb-border-radius-top-right:0px;--awb-border-radius-bottom-right:0px;--awb-border-radius-bottom-left:0px;--awb-padding-top:124px;--awb-padding-bottom:124px;--awb-padding-top-medium:72px;--awb-padding-bottom-medium:72px;--awb-background-size:cover;--awb-flex-wrap:wrap;\" data-bg=\"https:\/\/avada.theme-fusion.com\/eco\/wp-content\/uploads\/sites\/164\/2022\/05\/waves-connected-lines-left.svg\" ><div class=\"fusion-builder-row fusion-row fusion-flex-align-items-stretch fusion-flex-content-wrap\" style=\"max-width:1445.6px;margin-left: calc(-4% \/ 2 );margin-right: calc(-4% \/ 2 );\"><div class=\"fusion-layout-column fusion_builder_column fusion-builder-column-2 fusion-flex-column\" style=\"--awb-bg-size:cover;--awb-width-large:45%;--awb-margin-top-large:20px;--awb-spacing-right-large:4.2666666666667%;--awb-margin-bottom-large:20px;--awb-spacing-left-large:0%;--awb-width-medium:40%;--awb-order-medium:0;--awb-spacing-right-medium:4.8%;--awb-spacing-left-medium:4.8%;--awb-width-small:100%;--awb-order-small:0;--awb-spacing-right-small:1.92%;--awb-spacing-left-small:1.92%;\"><div class=\"fusion-column-wrapper fusion-column-has-shadow fusion-flex-justify-content-center fusion-content-layout-column\"><div class=\"fusion-image-element \" style=\"--awb-mask-url: url(https:\/\/kartonnage-geyskens.be\/wp-content\/plugins\/fusion-builder\/\/assets\/images\/masks\/mask-1.svg);--awb-caption-title-font-family:var(--h2_typography-font-family);--awb-caption-title-font-weight:var(--h2_typography-font-weight);--awb-caption-title-font-style:var(--h2_typography-font-style);--awb-caption-title-size:var(--h2_typography-font-size);--awb-caption-title-transform:var(--h2_typography-text-transform);--awb-caption-title-line-height:var(--h2_typography-line-height);--awb-caption-title-letter-spacing:var(--h2_typography-letter-spacing);\"><div class=\"awb-image-frame awb-image-frame-1 imageframe-liftup imageframe-1 hover-with-mask\"><span class=\" fusion-imageframe imageframe-none imageframe-1 has-mask\"><img decoding=\"async\" width=\"640\" height=\"427\" title=\"IMG_0154\" src=\"https:\/\/kartonnage-geyskens.be\/wp-content\/uploads\/2023\/10\/IMG_0154.jpg\" data-orig-src=\"http:\/\/kartonnage-geyskens.be\/wp-content\/uploads\/2023\/10\/IMG_0154.jpg\" alt class=\"lazyload img-responsive wp-image-5504\" srcset=\"data:image\/svg+xml,%3Csvg%20xmlns%3D%27http%3A%2F%2Fwww.w3.org%2F2000%2Fsvg%27%20width%3D%27640%27%20height%3D%27427%27%20viewBox%3D%270%200%20640%20427%27%3E%3Crect%20width%3D%27640%27%20height%3D%27427%27%20fill-opacity%3D%220%22%2F%3E%3C%2Fsvg%3E\" data-srcset=\"https:\/\/kartonnage-geyskens.be\/wp-content\/uploads\/2023\/10\/IMG_0154-200x133.jpg 200w, https:\/\/kartonnage-geyskens.be\/wp-content\/uploads\/2023\/10\/IMG_0154-400x267.jpg 400w, https:\/\/kartonnage-geyskens.be\/wp-content\/uploads\/2023\/10\/IMG_0154-600x400.jpg 600w, https:\/\/kartonnage-geyskens.be\/wp-content\/uploads\/2023\/10\/IMG_0154.jpg 640w\" data-sizes=\"auto\" data-orig-sizes=\"(max-width: 640px) 100vw, 640px\" \/><\/span><\/div><\/div><\/div><\/div><div class=\"fusion-layout-column fusion_builder_column fusion-builder-column-3 fusion_builder_column_1_2 1_2 fusion-flex-column fusion-animated\" style=\"--awb-bg-size:cover;--awb-width-large:50%;--awb-margin-top-large:20px;--awb-spacing-right-large:3.84%;--awb-margin-bottom-large:20px;--awb-spacing-left-large:3.84%;--awb-width-medium:50%;--awb-spacing-right-medium:9.6%;--awb-spacing-left-medium:13.44%;--awb-width-small:100%;--awb-spacing-right-small:1.92%;--awb-spacing-left-small:1.92%;\" data-animationType=\"fadeInRight\" data-animationDuration=\"1.6\" data-animationOffset=\"top-into-view\"><div class=\"fusion-column-wrapper fusion-column-has-shadow fusion-flex-justify-content-flex-start fusion-content-layout-column\"><ul style=\"--awb-size:24px;--awb-line-height:40.8px;--awb-icon-width:40.8px;--awb-icon-height:40.8px;--awb-icon-margin:16.8px;--awb-content-margin:57.6px;--awb-circlecolor:var(--awb-color7);--awb-circle-yes-font-size:21.12px;\" class=\"fusion-checklist fusion-checklist-1 fusion-checklist-default type-icons\"><li class=\"fusion-li-item\" style=\"\"><span class=\"icon-wrapper circle-yes\"><i class=\"fusion-li-icon icon-mkb-product\" aria-hidden=\"true\"><\/i><\/span><div class=\"fusion-li-item-content\"><span style=\"font-size: 20px;\">Qui sommes nous?<\/span><\/div><\/li><\/ul><div class=\"fusion-title title fusion-title-2 fusion-sep-none fusion-title-text fusion-title-size-two\"><h2 class=\"fusion-title-heading title-heading-left fusion-responsive-typography-calculated\" style=\"margin:0;--fontSize:54;line-height:1.14;\">Entreprise familiale<\/h2><\/div><div class=\"fusion-text fusion-text-2\" style=\"--awb-content-alignment:left;--awb-font-size:20px;--awb-line-height:1.48em;--awb-letter-spacing:-0.01em;\"><p>Kartonnage Geyskens est une entreprise familiale situ\u00e9e \u00e0 Aarschot qui, fin des ann\u00e9es 60 a d\u00e9velopp\u00e9 sa propre ligne de production pour cr\u00e9er, imprimer et r\u00e9aliser des emballages en papier et en carton. A ce jour, la soci\u00e9t\u00e9 s\u2019est forg\u00e9e une bonne r\u00e9putation dans ce domaine avec plus de 50 ans d\u2019exp\u00e9rience. Nous disposons d\u2019un large assortiment d\u2019emballages de qualit\u00e9 principalement destin\u00e9s au secteur alimentaire, les boulangeries, boucheries, traiteurs etc. Nous sommes connus pour nos emballages solides, en mettant l\u2019accent sur la qualit\u00e9, la s\u00e9curit\u00e9, la sant\u00e9 et l\u2019environnement, toujours au meilleur rapport qualit\u00e9-prix. Comme entreprise familiale, nous vous garantissons un service personnalis\u00e9, flexible et efficace.<\/p>\n<\/div><\/div><\/div><\/div><\/div><div class=\"fusion-fullwidth fullwidth-box fusion-builder-row-3 fusion-flex-container nonhundred-percent-fullwidth non-hundred-percent-height-scrolling\" style=\"--awb-border-radius-top-left:0px;--awb-border-radius-top-right:0px;--awb-border-radius-bottom-right:0px;--awb-border-radius-bottom-left:0px;--awb-padding-top:84px;--awb-padding-bottom:88px;--awb-padding-top-medium:30px;--awb-padding-top-small:40px;--awb-padding-bottom-small:40px;--awb-margin-top:0px;--awb-background-color:var(--awb-color2);--awb-flex-wrap:wrap;\" ><div class=\"fusion-builder-row fusion-row fusion-flex-align-items-center fusion-flex-content-wrap\" style=\"max-width:1445.6px;margin-left: calc(-4% \/ 2 );margin-right: calc(-4% \/ 2 );\"><div class=\"fusion-layout-column fusion_builder_column fusion-builder-column-4 fusion_builder_column_3_5 3_5 fusion-flex-column fusion-animated\" style=\"--awb-bg-size:cover;--awb-width-large:60%;--awb-margin-top-large:20px;--awb-spacing-right-large:3.2%;--awb-margin-bottom-large:20px;--awb-spacing-left-large:3.2%;--awb-width-medium:60%;--awb-spacing-right-medium:8%;--awb-spacing-left-medium:11.2%;--awb-width-small:100%;--awb-spacing-right-small:1.92%;--awb-spacing-left-small:1.92%;\" data-animationType=\"fadeInRight\" data-animationDuration=\"1.6\" data-animationOffset=\"top-into-view\"><div class=\"fusion-column-wrapper fusion-column-has-shadow fusion-flex-justify-content-flex-start fusion-content-layout-column\"><div class=\"fusion-title title fusion-title-3 fusion-sep-none fusion-title-text fusion-title-size-two\"><h2 class=\"fusion-title-heading title-heading-left fusion-responsive-typography-calculated\" style=\"margin:0;--fontSize:54;line-height:1.14;\">Respect de l\u2019environnement<\/h2><\/div><div class=\"fusion-text fusion-text-3\" style=\"--awb-content-alignment:left;--awb-font-size:20px;--awb-line-height:1.48em;--awb-letter-spacing:-0.01em;\"><p>Chez Kartonnage Geyskens, nous prenons notre responsabilit\u00e9 environnementale au s\u00e9rieux. Tous nos produits sont fabriqu\u00e9s \u00e0 partir de papier et de carton issus de l\u2019UE, ce qui garantit une gestion durable des for\u00eats et la pr\u00e9servation de nos pr\u00e9cieuses ressources naturelles. Nous croyons en un avenir o\u00f9 qualit\u00e9 et respect de l\u2019environnement vont de pair.<\/p>\n<\/div><\/div><\/div><div class=\"fusion-layout-column fusion_builder_column fusion-builder-column-5 fusion_builder_column_2_5 2_5 fusion-flex-column fusion-animated\" style=\"--awb-bg-size:cover;--awb-width-large:40%;--awb-margin-top-large:20px;--awb-spacing-right-large:4.8%;--awb-margin-bottom-large:20px;--awb-spacing-left-large:4.8%;--awb-width-medium:40%;--awb-order-medium:0;--awb-spacing-right-medium:4.8%;--awb-spacing-left-medium:4.8%;--awb-width-small:100%;--awb-order-small:0;--awb-spacing-right-small:1.92%;--awb-spacing-left-small:1.92%;\" data-animationType=\"fadeInLeft\" data-animationDuration=\"1.6\" data-animationOffset=\"top-into-view\"><div class=\"fusion-column-wrapper fusion-column-has-shadow fusion-flex-justify-content-center fusion-content-layout-column\"><div class=\"fusion-image-element \" style=\"--awb-mask-url: url(https:\/\/kartonnage-geyskens.be\/wp-content\/plugins\/fusion-builder\/\/assets\/images\/masks\/mask-4.svg);--awb-caption-title-font-family:var(--h2_typography-font-family);--awb-caption-title-font-weight:var(--h2_typography-font-weight);--awb-caption-title-font-style:var(--h2_typography-font-style);--awb-caption-title-size:var(--h2_typography-font-size);--awb-caption-title-transform:var(--h2_typography-text-transform);--awb-caption-title-line-height:var(--h2_typography-line-height);--awb-caption-title-letter-spacing:var(--h2_typography-letter-spacing);\"><span class=\" fusion-imageframe imageframe-none imageframe-2 hover-type-none has-mask\"><img decoding=\"async\" width=\"600\" height=\"382\" title=\"unnamed (30)\" src=\"https:\/\/kartonnage-geyskens.be\/wp-content\/uploads\/2023\/10\/unnamed-30.jpg\" data-orig-src=\"http:\/\/kartonnage-geyskens.be\/wp-content\/uploads\/2023\/10\/unnamed-30.jpg\" alt class=\"lazyload img-responsive wp-image-5320\" srcset=\"data:image\/svg+xml,%3Csvg%20xmlns%3D%27http%3A%2F%2Fwww.w3.org%2F2000%2Fsvg%27%20width%3D%27600%27%20height%3D%27382%27%20viewBox%3D%270%200%20600%20382%27%3E%3Crect%20width%3D%27600%27%20height%3D%27382%27%20fill-opacity%3D%220%22%2F%3E%3C%2Fsvg%3E\" data-srcset=\"https:\/\/kartonnage-geyskens.be\/wp-content\/uploads\/2023\/10\/unnamed-30-200x127.jpg 200w, https:\/\/kartonnage-geyskens.be\/wp-content\/uploads\/2023\/10\/unnamed-30-400x255.jpg 400w, https:\/\/kartonnage-geyskens.be\/wp-content\/uploads\/2023\/10\/unnamed-30.jpg 600w\" data-sizes=\"auto\" data-orig-sizes=\"(max-width: 640px) 100vw, 600px\" \/><\/span><\/div><\/div><\/div><\/div><\/div><div class=\"fusion-fullwidth fullwidth-box fusion-builder-row-4 fusion-flex-container nonhundred-percent-fullwidth non-hundred-percent-height-scrolling fusion-sticky-container\" style=\"--awb-border-radius-top-left:0px;--awb-border-radius-top-right:0px;--awb-border-radius-bottom-right:0px;--awb-border-radius-bottom-left:0px;--awb-padding-top-medium:20px;--awb-padding-bottom-medium:20px;--awb-padding-top-small:0px;--awb-padding-bottom-small:0px;--awb-flex-wrap:wrap;\" data-transition-offset=\"1000\" data-scroll-offset=\"0\" data-sticky-large-visibility=\"1\" ><div class=\"fusion-builder-row fusion-row fusion-flex-align-items-stretch fusion-flex-justify-content-center fusion-flex-content-wrap\" style=\"max-width:1445.6px;margin-left: calc(-4% \/ 2 );margin-right: calc(-4% \/ 2 );\"><div class=\"fusion-layout-column fusion_builder_column fusion-builder-column-6 fusion_builder_column_1_6 1_6 fusion-flex-column fusion-no-small-visibility fusion-no-large-visibility\" style=\"--awb-bg-size:cover;--awb-width-large:16.666666666667%;--awb-margin-top-large:20px;--awb-spacing-right-large:11.52%;--awb-margin-bottom-large:20px;--awb-spacing-left-large:11.52%;--awb-width-medium:16.666666666667%;--awb-order-medium:0;--awb-margin-top-medium:0px;--awb-spacing-right-medium:11.52%;--awb-margin-bottom-medium:2px;--awb-spacing-left-medium:11.52%;--awb-width-small:100%;--awb-order-small:0;--awb-spacing-right-small:1.92%;--awb-spacing-left-small:1.92%;\"><div class=\"fusion-column-wrapper fusion-column-has-shadow fusion-flex-justify-content-flex-start fusion-content-layout-column\"><\/div><\/div><div class=\"fusion-layout-column fusion_builder_column fusion-builder-column-7 fusion_builder_column_1_6 1_6 fusion-flex-column fusion-no-small-visibility fusion-no-large-visibility\" style=\"--awb-bg-size:cover;--awb-width-large:16.666666666667%;--awb-margin-top-large:20px;--awb-spacing-right-large:11.52%;--awb-margin-bottom-large:20px;--awb-spacing-left-large:11.52%;--awb-width-medium:16.666666666667%;--awb-order-medium:2;--awb-margin-top-medium:0px;--awb-spacing-right-medium:11.52%;--awb-margin-bottom-medium:2px;--awb-spacing-left-medium:11.52%;--awb-width-small:100%;--awb-order-small:0;--awb-spacing-right-small:1.92%;--awb-spacing-left-small:1.92%;\"><div class=\"fusion-column-wrapper fusion-column-has-shadow fusion-flex-justify-content-flex-start fusion-content-layout-column\"><\/div><\/div><\/div><\/div>\n<div class=\"fusion-fullwidth fullwidth-box fusion-builder-row-5 fusion-flex-container nonhundred-percent-fullwidth non-hundred-percent-height-scrolling\" style=\"--link_hover_color: hsla(var(--awb-color1-h),var(--awb-color1-s),var(--awb-color1-l),calc( var(--awb-color1-a) - 10% ));--link_color: var(--awb-color1);--awb-border-radius-top-left:0px;--awb-border-radius-top-right:0px;--awb-border-radius-bottom-right:0px;--awb-border-radius-bottom-left:0px;--awb-padding-top:4%;--awb-padding-bottom:4%;--awb-padding-bottom-medium:30px;--awb-background-color:var(--awb-color5);--awb-flex-wrap:wrap;\" ><div class=\"fusion-builder-row fusion-row fusion-flex-align-items-center fusion-flex-content-wrap\" style=\"max-width:1445.6px;margin-left: calc(-4% \/ 2 );margin-right: calc(-4% \/ 2 );\"><div class=\"fusion-layout-column fusion_builder_column fusion-builder-column-8 fusion_builder_column_1_1 1_1 fusion-flex-column\" style=\"--awb-bg-size:cover;--awb-width-large:100%;--awb-margin-top-large:20px;--awb-spacing-right-large:1.92%;--awb-margin-bottom-large:20px;--awb-spacing-left-large:1.92%;--awb-width-medium:100%;--awb-spacing-right-medium:1.92%;--awb-spacing-left-medium:1.92%;--awb-width-small:100%;--awb-order-small:0;--awb-spacing-right-small:1.92%;--awb-spacing-left-small:1.92%;\"><div class=\"fusion-column-wrapper fusion-column-has-shadow fusion-flex-justify-content-flex-start fusion-content-layout-column\"><div class=\"fusion-title title fusion-title-4 fusion-sep-none fusion-title-center fusion-title-text fusion-title-size-one fusion-animated\" style=\"--awb-text-color:var(--awb-color1);--awb-margin-bottom:36px;--awb-margin-bottom-medium:30px;\" data-animationType=\"fadeInDown\" data-animationDuration=\"1.4\" data-animationOffset=\"top-into-view\"><h1 class=\"fusion-title-heading title-heading-center fusion-responsive-typography-calculated\" style=\"margin:0;--fontSize:72;line-height:var(--awb-typography1-line-height);\">Wenst u meer informatie over onze diensten of een persoonlijke afspraak?<\/h1><\/div><div class=\"fusion-builder-row fusion-builder-row-inner fusion-row fusion-flex-align-items-center fusion-flex-content-wrap\" style=\"width:104% !important;max-width:104% !important;margin-left: calc(-4% \/ 2 );margin-right: calc(-4% \/ 2 );\"><div class=\"fusion-layout-column fusion_builder_column_inner fusion-builder-nested-column-0 fusion_builder_column_inner_1_2 1_2 fusion-flex-column\" style=\"--awb-bg-size:cover;--awb-width-large:50%;--awb-margin-top-large:20px;--awb-spacing-right-large:3.84%;--awb-margin-bottom-large:20px;--awb-spacing-left-large:3.84%;--awb-width-medium:50%;--awb-order-medium:0;--awb-spacing-right-medium:3.84%;--awb-spacing-left-medium:3.84%;--awb-width-small:100%;--awb-order-small:0;--awb-margin-top-small:0px;--awb-spacing-right-small:1.92%;--awb-margin-bottom-small:0px;--awb-spacing-left-small:1.92%;\"><div class=\"fusion-column-wrapper fusion-column-has-shadow fusion-flex-justify-content-center fusion-content-layout-row\"><div class=\"fusion-text fusion-text-4 sm-text-align-center fusion-animated\" style=\"--awb-content-alignment:right;--awb-font-size:30px;--awb-line-height:1.4em;--awb-letter-spacing:-0.01em;--awb-text-color:var(--awb-color1);--awb-text-font-family:var(--awb-typography4-font-family);--awb-text-font-weight:var(--awb-typography4-font-weight);--awb-text-font-style:var(--awb-typography4-font-style);\" data-animationType=\"fadeInLeft\" data-animationDuration=\"1.0\" data-animationOffset=\"top-into-view\"><p>E-mail: info@kartonnage-geyskens.be<\/p>\n<\/div><\/div><\/div><div class=\"fusion-layout-column fusion_builder_column_inner fusion-builder-nested-column-1 fusion_builder_column_inner_1_2 1_2 fusion-flex-column\" style=\"--awb-bg-size:cover;--awb-width-large:50%;--awb-margin-top-large:20px;--awb-spacing-right-large:3.84%;--awb-margin-bottom-large:20px;--awb-spacing-left-large:3.84%;--awb-width-medium:50%;--awb-order-medium:0;--awb-spacing-right-medium:3.84%;--awb-spacing-left-medium:3.84%;--awb-width-small:100%;--awb-order-small:0;--awb-margin-top-small:0px;--awb-spacing-right-small:1.92%;--awb-margin-bottom-small:0px;--awb-spacing-left-small:1.92%;\"><div class=\"fusion-column-wrapper fusion-column-has-shadow fusion-flex-justify-content-center fusion-content-layout-row\"><div class=\"fusion-text fusion-text-5 sm-text-align-center fusion-animated\" style=\"--awb-content-alignment:left;--awb-font-size:30px;--awb-line-height:1.4em;--awb-letter-spacing:-0.01em;--awb-text-color:var(--awb-color1);--awb-text-font-family:var(--awb-typography4-font-family);--awb-text-font-weight:var(--awb-typography4-font-weight);--awb-text-font-style:var(--awb-typography4-font-style);\" data-animationType=\"fadeInLeft\" data-animationDuration=\"1.0\" data-animationOffset=\"top-into-view\"><p>Bel ons: +32 (0) 16 56 86 36<\/p>\n<\/div><\/div><\/div><\/div><\/div><\/div><\/div><\/div>\n<\/p>\n","protected":false},"excerpt":{"rendered":"","protected":false},"author":2,"featured_media":0,"parent":0,"menu_order":2,"comment_status":"closed","ping_status":"closed","template":"100-width.php","meta":{"footnotes":""},"class_list":["post-5546","page","type-page","status-publish","hentry"],"_links":{"self":[{"href":"https:\/\/kartonnage-geyskens.be\/fr\/wp-json\/wp\/v2\/pages\/5546","targetHints":{"allow":["GET"]}}],"collection":[{"href":"https:\/\/kartonnage-geyskens.be\/fr\/wp-json\/wp\/v2\/pages"}],"about":[{"href":"https:\/\/kartonnage-geyskens.be\/fr\/wp-json\/wp\/v2\/types\/page"}],"author":[{"embeddable":true,"href":"https:\/\/kartonnage-geyskens.be\/fr\/wp-json\/wp\/v2\/users\/2"}],"replies":[{"embeddable":true,"href":"https:\/\/kartonnage-geyskens.be\/fr\/wp-json\/wp\/v2\/comments?post=5546"}],"version-history":[{"count":15,"href":"https:\/\/kartonnage-geyskens.be\/fr\/wp-json\/wp\/v2\/pages\/5546\/revisions"}],"predecessor-version":[{"id":7133,"href":"https:\/\/kartonnage-geyskens.be\/fr\/wp-json\/wp\/v2\/pages\/5546\/revisions\/7133"}],"wp:attachment":[{"href":"https:\/\/kartonnage-geyskens.be\/fr\/wp-json\/wp\/v2\/media?parent=5546"}],"curies":[{"name":"wp","href":"https:\/\/api.w.org\/{rel}","templated":true}]}}